{"id":344,"date":"2013-07-13T19:39:33","date_gmt":"2013-07-14T00:39:33","guid":{"rendered":"http:\/\/lacesusa.org\/?page_id=344"},"modified":"2013-09-19T10:51:35","modified_gmt":"2013-09-19T15:51:35","slug":"the-monarch-ball-gala-2013","status":"publish","type":"page","link":"http:\/\/lacesusa.org\/es\/events\/the-monarch-ball-gala-2013\/","title":{"rendered":"GALA 2013 EL BAILE MONARCA"},"content":{"rendered":"<p><span style=\"color: #d628a9; font-family: arial,helvetica,sans-serif; font-size: 14px;\">Es con mucho gusto que anunciamos que tendremos nuestro primer gran evento para recaudar fondos. La Gala an, El Baile Mon\u00e1rca. Ser\u00e1 una noche llena de diversi\u00f3n, baile, m\u00fasica, subastas y sorpresas.\u00a0 Todo lo recaudado se va a ayualudar a que nuestros ni\u00f1os hispanos regresen con su familia. Esperamos que nos acompa\u00f1en el 19 de octubre para celebrar el nacimiento de esta organizaci\u00f3n que va a ayudar a miles de ni\u00f1os a regresar a casa.<\/span><\/p>\n<p style=\"text-align: center;\"><img loading=\"lazy\" decoding=\"async\" class=\"aligncenter  wp-image-345\" style=\"border: 1px solid black;\" alt=\"LACES GALA INVITATION\" src=\"http:\/\/lacesusa.org\/lwp\/wp-content\/uploads\/2013\/07\/laces_invite-to-Gala-2013.jpg\" width=\"797\" height=\"516\" \/><\/p>\n<blockquote><p><span style=\"color: #dd22a8; font-family: arial black,avant garde; font-size: 16px;\"> Esperamos que nos acompa\u00f1en el 19 de octubre para celebrar el nacimiento de esta organizaci\u00f3n que va a ayudar a miles de ni\u00f1os a regresar a casa.<\/span><\/p><\/blockquote>\n<p><a href=\"http:\/\/lacesusa.org\/es\/gala-ticket-information-page\/\"><span style=\"font-family: arial black,avant garde; font-size: 14px;\">Para la compra de boletos y mesas de patrocinadores presione aqu\u00ed<\/span><\/a><\/p>","protected":false},"excerpt":{"rendered":"<p>Es con mucho gusto que anunciamos que tendremos nuestro primer gran evento para recaudar fondos. La Gala an, El Baile Mon\u00e1rca. Ser\u00e1 una noche llena de diversi\u00f3n, baile, m\u00fasica, subastas y sorpresas.\u00a0 Todo lo recaudado se va a ayualudar a que nuestros ni\u00f1os hispanos regresen con su familia. Esperamos que nos acompa\u00f1en el 19 de [&hellip;]<\/p>\n","protected":false},"author":1,"featured_media":0,"parent":109,"menu_order":0,"comment_status":"closed","ping_status":"closed","template":"","meta":{"_mc_calendar":[],"footnotes":"","_links_to":"","_links_to_target":""},"class_list":["post-344","page","type-page","status-publish","hentry"],"_links":{"self":[{"href":"http:\/\/lacesusa.org\/es\/wp-json\/wp\/v2\/pages\/344","targetHints":{"allow":["GET"]}}],"collection":[{"href":"http:\/\/lacesusa.org\/es\/wp-json\/wp\/v2\/pages"}],"about":[{"href":"http:\/\/lacesusa.org\/es\/wp-json\/wp\/v2\/types\/page"}],"author":[{"embeddable":true,"href":"http:\/\/lacesusa.org\/es\/wp-json\/wp\/v2\/users\/1"}],"replies":[{"embeddable":true,"href":"http:\/\/lacesusa.org\/es\/wp-json\/wp\/v2\/comments?post=344"}],"version-history":[{"count":82,"href":"http:\/\/lacesusa.org\/es\/wp-json\/wp\/v2\/pages\/344\/revisions"}],"predecessor-version":[{"id":406,"href":"http:\/\/lacesusa.org\/es\/wp-json\/wp\/v2\/pages\/344\/revisions\/406"}],"up":[{"embeddable":true,"href":"http:\/\/lacesusa.org\/es\/wp-json\/wp\/v2\/pages\/109"}],"wp:attachment":[{"href":"http:\/\/lacesusa.org\/es\/wp-json\/wp\/v2\/media?parent=344"}],"curies":[{"name":"wp","href":"https:\/\/api.w.org\/{rel}","templated":true}]}}