{"id":771,"date":"2015-03-09T15:40:11","date_gmt":"2015-03-09T20:40:11","guid":{"rendered":"http:\/\/lacesusa.org\/?page_id=771"},"modified":"2015-03-26T11:43:05","modified_gmt":"2015-03-26T16:43:05","slug":"rally","status":"publish","type":"page","link":"http:\/\/lacesusa.org\/es\/rally\/","title":{"rendered":"2015 Reuni\u00f3n Info y Boletos"},"content":{"rendered":"<p><\/p>\n<div class=\"art-postcontent clearfix\">\n<p><span style=\"font-size: 12pt;\"><a title=\"Pasos de la compra\" href=\"https:\/\/www.worldlingo.com\/wl\/services\/S5JZ3IUWwlQmJU3NA902hn9vKnJNCXZyB\/translate?wl_srclang=EN&#038;wl_trglang=ES&#038;wl_rurl=http%3A%2F%2Flacesusa.org%2Frally%2F&#038;wl_url=https%3A%2F%2Fsquareup.com%2Fmarket%2FLACES#category-0bd545fd-aa2e-4167-b5c1-4e3b4221a318#category-0bd545fd-aa2e-4167-b5c1-4e3b4221a318\" target=\"_blank\" rel=\"nofollow\">PASOS DE LA COMPRA<\/a>\u00a0|\u00a0<a title=\"1r Reuni\u00f3n anual de los CORDONES: Sobre el acontecimiento\" href=\"http:\/\/www.worldlingo.com\/wl\/services\/S5JZ3IUWwlQmJU3NA902hn9vKnJNCXZyB\/translation?wl_srclang=EN&#038;wl_trglang=ES&#038;wl_rurl=http%3A%2F%2Flacesusa.org%2Frally%2F&#038;wl_url=http%3A%2F%2Flacesusa.org%2Frally%2Faboutrally%2F\" rel=\"nofollow\">SOBRE EL ACONTECIMIENTO\u00a0<\/a>|\u00a0<a title=\"Patrocinadores de la reuni\u00f3n\" href=\"http:\/\/www.worldlingo.com\/wl\/services\/S5JZ3IUWwlQmJU3NA902hn9vKnJNCXZyB\/translation?wl_srclang=EN&#038;wl_trglang=ES&#038;wl_rurl=http%3A%2F%2Flacesusa.org%2Frally%2F&#038;wl_url=http%3A%2F%2Flacesusa.org%2Frally%2Frallysponsors%2F\" rel=\"nofollow\">NUESTROS PATROCINADORES\u00a0<\/a>|\u00a0<a title=\"\u00c9ntrenos en contacto con sobre este acontecimiento\" href=\"http:\/\/www.worldlingo.com\/wl\/services\/S5JZ3IUWwlQmJU3NA902hn9vKnJNCXZyB\/translation?wl_srclang=EN&#038;wl_trglang=ES&#038;wl_rurl=http%3A%2F%2Flacesusa.org%2Frally%2F&#038;wl_url=http%3A%2F%2Fwww.lacesusa.org%2Frallycontact\" rel=\"nofollow\">CONTACTO LOS E.E.U.U.<\/a><\/span><\/p>\n<p style=\"text-align: center;\"><img decoding=\"async\" class=\" aligncenter\" style=\"width: 380px; height: 214px;\" src=\"http:\/\/lacesusa.org\/lwp\/wp-content\/uploads\/2015\/03\/Rally.png\" alt=\"\" \/><\/p>\n<p>Hay puntos inm\u00f3viles abiertos para <strong>Domingo 26 de abril de 2015<\/strong>. <a title=\"\u00a1Compre sus pasos y d\u00f3nelos a una gran causa!\" href=\"https:\/\/www.worldlingo.com\/wl\/services\/S5JZ3IUWwlQmJU3NA902hn9vKnJNCXZyB\/translate?wl_srclang=EN&#038;wl_trglang=ES&#038;wl_rurl=http%3A%2F%2Flacesusa.org%2Frally%2F&#038;wl_url=https%3A%2F%2Fsquareup.com%2Fmarket%2FLACES#category-0bd545fd-aa2e-4167-b5c1-4e3b4221a318#category-0bd545fd-aa2e-4167-b5c1-4e3b4221a318\" target=\"_blank\" rel=\"nofollow\"><strong>Ahora compre sus pasos<\/strong><\/a>!<\/p>\n<p>\u00bfCompr\u00f3 ya sus pasos? <strong>No se olvide<\/strong> para completar nuestro <a title=\"Registro en l\u00ednea: Reuni\u00f3n anual 2015\" href=\"http:\/\/www.worldlingo.com\/wl\/services\/S5JZ3IUWwlQmJU3NA902hn9vKnJNCXZyB\/translate?wl_srclang=EN&#038;wl_trglang=ES&#038;wl_rurl=http%3A%2F%2Flacesusa.org%2Frally%2F&#038;wl_url=http%3A%2F%2Flacesusa.org%2Frally%2Frallyreg%2F\" target=\"_blank\" rel=\"nofollow\">forma de registro en l\u00ednea<\/a>.\u00a0<\/p>\n<p><img decoding=\"async\" class=\" aligncenter\" style=\"width: 516px; height: 355px;\" src=\"http:\/\/lacesusa.org\/lwp\/wp-content\/uploads\/2015\/03\/rallyroute.png\" alt=\"\" \/><\/p>\n<p>\u00a1Los estiramientos de la caza del limpiador y de la velocidad de la distancia de Tiempo que cautivan la competici\u00f3n conveniente para los coches y las motocicletas de la vendimia as\u00ed como los coches modernos del d\u00eda compiten con los equipos (no m\u00e1s de 4 por el coche o 2 por la motocicleta) pueden consistir en un marido y la esposa, las novias, el abuelo y el nieto, compinches\u2026 cualquier cosa del ej\u00e9rcito va!\u00a0<\/p>\n<p>El registro est\u00e1 abierto hasta 10 de abril de 2015. Todos los ingresos van a los CORDONES, 501 (c) 3 una organizaci\u00f3n.<\/p>\n<p>\u00bfCompr\u00f3 ya sus pasos?\u00a0<strong>No se olvide<\/strong>\u00a0para completar nuestro\u00a0<a title=\"Registro en l\u00ednea: Reuni\u00f3n anual 2015\" href=\"http:\/\/www.worldlingo.com\/wl\/services\/S5JZ3IUWwlQmJU3NA902hn9vKnJNCXZyB\/translate?wl_srclang=EN&#038;wl_trglang=ES&#038;wl_rurl=http%3A%2F%2Flacesusa.org%2Frally%2F&#038;wl_url=http%3A%2F%2Flacesusa.org%2Frally%2Frallyreg%2F\" target=\"_blank\" rel=\"nofollow\">forma de registro en l\u00ednea<\/a>.<\/p>\n<p><a title=\"Pasos de la compra\" href=\"https:\/\/www.worldlingo.com\/wl\/services\/S5JZ3IUWwlQmJU3NA902hn9vKnJNCXZyB\/translate?wl_srclang=EN&#038;wl_trglang=ES&#038;wl_rurl=http%3A%2F%2Flacesusa.org%2Frally%2F&#038;wl_url=https%3A%2F%2Fsquareup.com%2Fmarket%2FLACES#category-0bd545fd-aa2e-4167-b5c1-4e3b4221a318#category-0bd545fd-aa2e-4167-b5c1-4e3b4221a318\" target=\"_blank\" rel=\"nofollow\">PASOS DE LA COMPRA<\/a>\u00a0|\u00a0<a title=\"1r Reuni\u00f3n anual de los CORDONES: Sobre el acontecimiento\" href=\"http:\/\/www.worldlingo.com\/wl\/services\/S5JZ3IUWwlQmJU3NA902hn9vKnJNCXZyB\/translation?wl_srclang=EN&#038;wl_trglang=ES&#038;wl_rurl=http%3A%2F%2Flacesusa.org%2Frally%2F&#038;wl_url=http%3A%2F%2Flacesusa.org%2Frally%2Faboutrally%2F\" rel=\"nofollow\">SOBRE EL ACONTECIMIENTO<\/a>\u00a0|\u00a0<a title=\"Sobre nuestros patrocinadores\" href=\"http:\/\/www.worldlingo.com\/wl\/services\/S5JZ3IUWwlQmJU3NA902hn9vKnJNCXZyB\/translation?wl_srclang=EN&#038;wl_trglang=ES&#038;wl_rurl=http%3A%2F%2Flacesusa.org%2Frally%2F&#038;wl_url=http%3A%2F%2Fwww.lacesusa.org%2Frallysponsors\" rel=\"nofollow\">NUESTROS PATROCINADORES\u00a0<\/a>|\u00a0<a title=\"\u00c9ntrenos en contacto con sobre este acontecimiento\" href=\"http:\/\/www.worldlingo.com\/wl\/services\/S5JZ3IUWwlQmJU3NA902hn9vKnJNCXZyB\/translation?wl_srclang=EN&#038;wl_trglang=ES&#038;wl_rurl=http%3A%2F%2Flacesusa.org%2Frally%2F&#038;wl_url=http%3A%2F%2Fwww.lacesusa.org%2Frallycontact\" rel=\"nofollow\">CONTACTO LOS E.E.U.U.<\/a><\/p>\n<\/div>\n<p><\/p>","protected":false},"excerpt":{"rendered":"<p>PASOS DE LA COMPRA\u00a0|\u00a0SOBRE EL ACONTECIMIENTO\u00a0|\u00a0NUESTROS PATROCINADORES\u00a0|\u00a0CONTACTO LOS E.E.U.U. Hay puntos inm\u00f3viles abiertos para Domingo 26 de abril de 2015. Ahora compre sus pasos! \u00bfCompr\u00f3 ya sus pasos? No se olvide para completar nuestro forma de registro en l\u00ednea.\u00a0 \u00a1Los estiramientos de la caza del limpiador y de la velocidad de la distancia de Tiempo [&hellip;]<\/p>\n","protected":false},"author":1,"featured_media":0,"parent":0,"menu_order":0,"comment_status":"closed","ping_status":"closed","template":"","meta":{"_mc_calendar":[],"footnotes":"","_links_to":"","_links_to_target":""},"class_list":["post-771","page","type-page","status-publish","hentry"],"_links":{"self":[{"href":"http:\/\/lacesusa.org\/es\/wp-json\/wp\/v2\/pages\/771","targetHints":{"allow":["GET"]}}],"collection":[{"href":"http:\/\/lacesusa.org\/es\/wp-json\/wp\/v2\/pages"}],"about":[{"href":"http:\/\/lacesusa.org\/es\/wp-json\/wp\/v2\/types\/page"}],"author":[{"embeddable":true,"href":"http:\/\/lacesusa.org\/es\/wp-json\/wp\/v2\/users\/1"}],"replies":[{"embeddable":true,"href":"http:\/\/lacesusa.org\/es\/wp-json\/wp\/v2\/comments?post=771"}],"version-history":[{"count":48,"href":"http:\/\/lacesusa.org\/es\/wp-json\/wp\/v2\/pages\/771\/revisions"}],"predecessor-version":[{"id":911,"href":"http:\/\/lacesusa.org\/es\/wp-json\/wp\/v2\/pages\/771\/revisions\/911"}],"wp:attachment":[{"href":"http:\/\/lacesusa.org\/es\/wp-json\/wp\/v2\/media?parent=771"}],"curies":[{"name":"wp","href":"https:\/\/api.w.org\/{rel}","templated":true}]}}