{"id":105,"date":"2013-05-24T08:47:24","date_gmt":"2013-05-24T13:47:24","guid":{"rendered":"http:\/\/lacesusa.org\/lwp\/?page_id=105"},"modified":"2013-06-04T21:34:48","modified_gmt":"2013-06-05T02:34:48","slug":"about-us","status":"publish","type":"page","link":"https:\/\/lacesusa.org\/es\/about-us\/","title":{"rendered":"Nosotros"},"content":{"rendered":"<p><span style=\"color: #ff0000; font-size: 20px; font-family: comic sans ms,sans-serif;\"><a href=\"http:\/\/lacesusa.org\/lwp\/wp-content\/uploads\/2013\/05\/cropped-logotops.png\"><img loading=\"lazy\" decoding=\"async\" class=\"alignnone size-medium wp-image-47\" alt=\"cropped-logotops.png\" src=\"http:\/\/lacesusa.org\/lwp\/wp-content\/uploads\/2013\/05\/cropped-logotops-300x78.png\" width=\"300\" height=\"78\" srcset=\"https:\/\/lacesusa.org\/lwp\/wp-content\/uploads\/2013\/05\/cropped-logotops-300x78.png 300w, https:\/\/lacesusa.org\/lwp\/wp-content\/uploads\/2013\/05\/cropped-logotops-500x130.png 500w, https:\/\/lacesusa.org\/lwp\/wp-content\/uploads\/2013\/05\/cropped-logotops.png 1000w\" sizes=\"auto, (max-width: 300px) 100vw, 300px\" \/><\/a><\/span><\/p>\n<p><span style=\"color: #0000ff; font-family: comic sans ms,sans-serif; font-size: 18px;\">Es la misi\u00f3n \u00a0de<span style=\"color: #7f05f9; font-family: arial black,avant garde;\"> LACES<\/span> servir y apoyar a los ni\u00f1os latino americanos asistiendo para reunificarlos con su familia si sus padres han sido deportados o encarcelados.<\/span><\/p>\n<p><span style=\"color: #0000ff; font-family: comic sans ms,sans-serif; font-size: 18px;\">Cuando los ni\u00f1os son tomados por el estado para su cuidado, los trabajadores sociales generalmente\u00a0 buscan a sus familiares o amigos de la familia,\u00a0 y a falta de \u00e9stos los ni\u00f1os son colocados en hogares de crianza temporal o \u201cFoster homes\u201d.<\/span><\/p>\n<p><span style=\"color: #0000ff; font-family: comic sans ms,sans-serif; font-size: 18px;\">Para que los padres puedan recuperar la custodia, deben de cumplir ciertos requisitos\u00a0 como mantener contacto con CPS, presentarse a las audiencias de su caso y tienen que cumplir con un \u201cplan de servicio\u201d que normalmente incluye rehabilitaci\u00f3n de drogas y alcohol, cursos para padres, estudios psicol\u00f3gicos, terapias o el mejoramiento de sus hogares.<\/span><\/p>\n<p><span style=\"color: #0000ff; font-family: comic sans ms,sans-serif; font-size: 18px;\">Bajo los t\u00e9rminos de la ley Federal emitida en 1997, los padres tienen que demostrar cooperaci\u00f3n y progreso durante el transcurso de un a\u00f1o o de lo contrario corren el riesgo de perder la patria potestad para siempre.\u00a0 Pero cuando estos padres se encuentran detenidos por las autoridades migratorias les resulta imposible cumplir con estos requisitos. Quedan detenidos por meses y es complicado localizarlos.<\/span><\/p>\n<p><span style=\"color: #0000ff; font-family: comic sans ms,sans-serif; font-size: 18px;\">La corte determina si el estado ha hecho esfuerzos razonables para reunificar con la familia, pero \u201cesfuerzos razonables\u201d se pueden tornar complicados cuando hablamos de barreras tanto geogr\u00e1ficas como culturales. \u00a0En los estados fronterizos, ha habido trabajadores especialmente dedicados que han hecho un esfuerzo por contactar a consulados extranjeros y han reconectado a padres deportados con sus hijos. Sin embargo varios de estos ni\u00f1os no viven en estados fronterizos, y las autoridades no tienen los recursos legales, ni el conocimiento o la voluntad de buscar la forma de reunificar a estos ni\u00f1os con sus padres o familiares.<\/span><\/p>\n<p><span style=\"color: #0000ff; font-family: comic sans ms,sans-serif; font-size: 18px;\">Por lo tanto lo que queda es dejar a estos ni\u00f1os en los hogares temporales hasta que son dados en adopci\u00f3n en los Estados Unidos.<\/span><\/p>\n<p><span style=\"color: #0000ff; font-family: comic sans ms,sans-serif; font-size: 18px;\">.<\/span><\/p>\n<p><span style=\"color: #0000ff; font-family: comic sans ms,sans-serif; font-size: 18px;\">No obstante lo maravilloso pueda ser un hogar adoptivo y cuanto mejor sea la educaci\u00f3n y el est\u00e1ndar de vida en EUA, estos ni\u00f1os tienen el derecho y merecen crecer en el seno familiar, con sus padres o su familia.\u00a0<\/span><\/p>\n<p><span style=\"color: #0000ff; font-family: comic sans ms,sans-serif; font-size: 18px;\">Si bien estos obst\u00e1culos son un reto, no son insuperables y<span style=\"color: #7f05f9; font-family: arial black,avant garde;\"> LACES<\/span> est\u00e1 comprometida a servir como un puente entre los retos geogr\u00e1ficos, culturales y de comunicaci\u00f3n que obstruyen la reunificaci\u00f3n de estos ni\u00f1os con su familia.<\/span><\/p>\n<p><span style=\"color: #0000ff; font-family: comic sans ms,sans-serif; font-size: 18px;\"><span style=\"color: #7f05f9; font-family: arial black,avant garde;\">LACES<\/span>, junto con su contra parte<span style=\"color: #7f05f9; font-family: arial black,avant garde;\"> ENLACE <\/span>en M\u00e9xico, trabajan\u00a0 para juntos servir de enlace entre entidades gubernamentales y no gubernamentales nacionales e internacionales pertinentes al bienestar de la familia, con el fin de lograr repatriar a estos menores, hijos de migrantes.<\/span><\/p>\n<p><span style=\"color: #ff0000; font-family: comic sans ms,sans-serif; font-size: 18px;\">* Empezamos el 2013\u00a0reunificando \u00a0a 4 ni\u00f1os con su padre en M\u00e9xico<\/span><\/p>\n<p><span style=\"color: #0000ff; font-family: comic sans ms,sans-serif; font-size: 18px;\">\u00a0<\/span><\/p>\n<p><span style=\"color: #0000ff; font-family: comic sans ms,sans-serif; font-size: 18px;\">\u00a0<\/span><\/p>\n<p><span style=\"color: #0000ff; font-family: comic sans ms,sans-serif; font-size: 18px;\">\u00a0<\/span><\/p>\n<p><span style=\"color: #0000ff; font-family: comic sans ms,sans-serif; font-size: 18px;\">\u00a0<\/span><\/p>","protected":false},"excerpt":{"rendered":"<p>Es la misi\u00f3n \u00a0de LACES servir y apoyar a los ni\u00f1os latino americanos asistiendo para reunificarlos con su familia si sus padres han sido deportados o encarcelados. Cuando los ni\u00f1os son tomados por el estado para su cuidado, los trabajadores sociales generalmente\u00a0 buscan a sus familiares o amigos de la familia,\u00a0 y a falta de [&hellip;]<\/p>\n","protected":false},"author":2,"featured_media":0,"parent":0,"menu_order":3,"comment_status":"closed","ping_status":"closed","template":"","meta":{"_mc_calendar":[],"footnotes":"","_links_to":"","_links_to_target":""},"class_list":["post-105","page","type-page","status-publish","hentry"],"_links":{"self":[{"href":"https:\/\/lacesusa.org\/es\/wp-json\/wp\/v2\/pages\/105","targetHints":{"allow":["GET"]}}],"collection":[{"href":"https:\/\/lacesusa.org\/es\/wp-json\/wp\/v2\/pages"}],"about":[{"href":"https:\/\/lacesusa.org\/es\/wp-json\/wp\/v2\/types\/page"}],"author":[{"embeddable":true,"href":"https:\/\/lacesusa.org\/es\/wp-json\/wp\/v2\/users\/2"}],"replies":[{"embeddable":true,"href":"https:\/\/lacesusa.org\/es\/wp-json\/wp\/v2\/comments?post=105"}],"version-history":[{"count":11,"href":"https:\/\/lacesusa.org\/es\/wp-json\/wp\/v2\/pages\/105\/revisions"}],"predecessor-version":[{"id":720,"href":"https:\/\/lacesusa.org\/es\/wp-json\/wp\/v2\/pages\/105\/revisions\/720"}],"wp:attachment":[{"href":"https:\/\/lacesusa.org\/es\/wp-json\/wp\/v2\/media?parent=105"}],"curies":[{"name":"wp","href":"https:\/\/api.w.org\/{rel}","templated":true}]}}