{"id":5,"date":"2013-05-21T09:23:00","date_gmt":"2013-05-21T14:23:00","guid":{"rendered":"http:\/\/lacesusa.org\/lwp\/?page_id=5"},"modified":"2015-04-11T21:03:17","modified_gmt":"2015-04-12T02:03:17","slug":"welcome","status":"publish","type":"page","link":"https:\/\/lacesusa.org\/es\/","title":{"rendered":"Bienvenidos"},"content":{"rendered":"<p><\/p>\n<p><p><img loading=\"lazy\" decoding=\"async\" class=\"size-full wp-image-17 alignright\" style=\"margin: 10px; border: 1px solid black;\" src=\"http:\/\/lacesusa.org\/lwp\/wp-content\/uploads\/2013\/05\/Alicia2-300.jpg\" alt=\"Alicia2-300\" width=\"368\" height=\"238\" \/><\/p>\n<p style=\"padding-left: 30px;\"><span style=\"color: gray; font-family: Arial; font-size: large;\"><span style=\"color: gray; font-family: Arial; font-size: x-large;\"><span style=\"font-size: 14px;\"><span style=\"font-size: 16px;\"><em><strong><br class=\"none\" \/><\/strong><\/em><span style=\"color: #7a0df1; font-size: 28px;\"><strong>LACES<\/strong><\/span><\/span> <\/span><\/span><\/span><span id=\"result_box\" lang=\"es\" style=\"font-size: 24px;\"><span style=\"color: #333399; font-family: arial,helvetica,sans-serif;\"><span class=\"hps\">es una organizaci\u00f3n sin<\/span> <span class=\"hps\">fines de lucro creada<\/span> <span class=\"hps\">en 2012 en<\/span> <span class=\"hps\">respuesta a la necesidad<\/span> <span class=\"hps\">que existe<\/span> <span class=\"hps\">de servir y<\/span> <span class=\"hps\">apoyar a los ni\u00f1os<\/span> <span class=\"hps\">de Am\u00e9rica Latina<\/span> <span class=\"hps\">en el cuidado de<\/span> <span class=\"hps\">CPS por la deportaci\u00f3n de sus padres y<\/span>\u00a0<span class=\"hps\">que no tienen<\/span> <span class=\"hps\">familiares en Estados<\/span> <span class=\"hps\">Unidos.<\/span> <span class=\"hps\">Su objetivo<\/span> <span class=\"hps\">es ayudar a<\/span> <span class=\"hps\">establecer los mecanismos<\/span> <span class=\"hps\">y pol\u00edticas<\/span> <span class=\"hps\">para ayudar a<\/span> <span class=\"hps\">reunir a<\/span> <span class=\"hps\">estos<\/span> <span class=\"hps\">los ni\u00f1os con<\/span> <span class=\"hps\">sus familias en<\/span> <span class=\"hps\">los pa\u00edses de Am\u00e9rica<\/span> <\/span><span class=\"hps\"><span style=\"color: #333399; font-family: arial,helvetica,sans-serif;\">Latina.<\/span><br class=\"none\" \/><br class=\"none\" \/><br class=\"none\" \/><br class=\"none\" \/><br class=\"none\" \/><br class=\"none\" \/><\/span><\/span><\/p>\n<p style=\"padding-left: 30px;\"><br class=\"none\" \/><span style=\"color: #8b35c9;\"><strong><span style=\"font-family: arial,helvetica,sans-serif; font-size: 16px;\">Servimos y apoyamos a los ni\u00f1os hispanos, trabajando en pro de su reunificaci\u00f3n con la familia.<br class=\"none\" \/><br class=\"none\" \/><br class=\"none\" \/><\/span><\/strong><\/span><span style=\"color: #8b35c9;\"><strong><span style=\"font-family: arial,helvetica,sans-serif; font-size: 16px;\"><strong><span id=\"result_box\" class=\"short_text\" lang=\"es\"><span class=\"hps\">La gala<\/span><\/span>\u00a0<a href=\"http:\/\/lacesusa.org\/rally\/\">2015 Rally<\/a> Fund Raiser para ayudar a estos <\/strong><\/span><\/strong><\/span><span style=\"color: #8b35c9;\"><strong><span style=\"font-family: arial,helvetica,sans-serif; font-size: 16px;\"><strong><span id=\"result_box\" class=\"short_text\" lang=\"es\"><span class=\"hps\">ni\u00f1os<\/span><\/span>.<\/strong><\/span><\/strong><\/span><\/p>\n<\/p>\n<p><\/p>","protected":false},"excerpt":{"rendered":"<p>LACES es una organizaci\u00f3n sin fines de lucro creada en 2012 en respuesta a la necesidad que existe de servir y apoyar a los ni\u00f1os de Am\u00e9rica Latina en el cuidado de CPS por la deportaci\u00f3n de sus padres y\u00a0que no tienen familiares en Estados Unidos. Su objetivo es ayudar a establecer los mecanismos y [&hellip;]<\/p>\n","protected":false},"author":2,"featured_media":0,"parent":0,"menu_order":0,"comment_status":"closed","ping_status":"closed","template":"","meta":{"_mc_calendar":[],"footnotes":"","_links_to":"","_links_to_target":""},"class_list":["post-5","page","type-page","status-publish","hentry"],"_links":{"self":[{"href":"https:\/\/lacesusa.org\/es\/wp-json\/wp\/v2\/pages\/5","targetHints":{"allow":["GET"]}}],"collection":[{"href":"https:\/\/lacesusa.org\/es\/wp-json\/wp\/v2\/pages"}],"about":[{"href":"https:\/\/lacesusa.org\/es\/wp-json\/wp\/v2\/types\/page"}],"author":[{"embeddable":true,"href":"https:\/\/lacesusa.org\/es\/wp-json\/wp\/v2\/users\/2"}],"replies":[{"embeddable":true,"href":"https:\/\/lacesusa.org\/es\/wp-json\/wp\/v2\/comments?post=5"}],"version-history":[{"count":62,"href":"https:\/\/lacesusa.org\/es\/wp-json\/wp\/v2\/pages\/5\/revisions"}],"predecessor-version":[{"id":929,"href":"https:\/\/lacesusa.org\/es\/wp-json\/wp\/v2\/pages\/5\/revisions\/929"}],"wp:attachment":[{"href":"https:\/\/lacesusa.org\/es\/wp-json\/wp\/v2\/media?parent=5"}],"curies":[{"name":"wp","href":"https:\/\/api.w.org\/{rel}","templated":true}]}}